{"id":3066,"date":"2026-01-25T01:24:12","date_gmt":"2026-01-24T23:24:12","guid":{"rendered":"https:\/\/www.vieternum.com\/?post_type=product&#038;p=3066"},"modified":"2026-01-27T02:26:04","modified_gmt":"2026-01-27T00:26:04","slug":"vieternum-autor-trio","status":"publish","type":"product","link":"https:\/\/www.vieternum.com\/en\/producto\/vieternum-autor-trio\/","title":{"rendered":"Vieternum Autor Trio"},"content":{"rendered":"<p>Nuestro pack Vieternum Autor Trio incluye tres botellas de la gama Autor (vinos singulares de autor y Bubbles Legacy). Selecciona las tres que prefieras y las personalizaremos para ti. Adem\u00e1s, de forma opcional, puedes a\u00f1adir nuestro sacacorchos y otros obsequios, tambi\u00e9n personalizables con tu mensaje, para incluirlos en el pack.<\/p>\n<p>Por \u00faltimo, ha llegado el momento de dar alma a tu Vieternum: te toca personalizarlo. Ahora puedes subir tu foto desde tu ordenador o m\u00f3vil, o envi\u00e1rnosla por WhatsApp (671 296 576) o a <a class=\"decorated-link cursor-pointer\" rel=\"noopener\" data-start=\"215\" data-end=\"236\">pedidos@vieternum.com<\/a><\/p>\n<p>&nbsp;<\/p>\n","protected":false},"excerpt":{"rendered":"<p>Nuestro pack Vieternum Autor Trio incluye tres botellas de la gama Autor (vinos singulares de autor y Bubbles Legacy). Selecciona las tres que prefieras y las personalizaremos para ti. Adem\u00e1s, de forma opcional, puedes a\u00f1adir nuestro sacacorchos y otros obsequios, tambi\u00e9n personalizables con tu mensaje, para incluirlos en el pack.<\/p>\n<p>Es el momento de elegir los vinos y facilitarnos la foto a personalizar. Si tienes cualquier duda, cont\u00e1ctanos por WhatsApp 671 296 576.<\/p>\n","protected":false},"featured_media":3106,"template":"","meta":[],"product_brand":[],"product_cat":[38],"product_tag":[],"class_list":{"0":"post-3066","1":"product","2":"type-product","3":"status-publish","4":"has-post-thumbnail","6":"product_cat-packs","8":"first","9":"instock","10":"taxable","11":"shipping-taxable","12":"purchasable","13":"product-type-variable","14":"has-default-attributes"},"_links":{"self":[{"href":"https:\/\/www.vieternum.com\/en\/wp-json\/wp\/v2\/product\/3066","targetHints":{"allow":["GET"]}}],"collection":[{"href":"https:\/\/www.vieternum.com\/en\/wp-json\/wp\/v2\/product"}],"about":[{"href":"https:\/\/www.vieternum.com\/en\/wp-json\/wp\/v2\/types\/product"}],"wp:featuredmedia":[{"embeddable":true,"href":"https:\/\/www.vieternum.com\/en\/wp-json\/wp\/v2\/media\/3106"}],"wp:attachment":[{"href":"https:\/\/www.vieternum.com\/en\/wp-json\/wp\/v2\/media?parent=3066"}],"wp:term":[{"taxonomy":"product_brand","embeddable":true,"href":"https:\/\/www.vieternum.com\/en\/wp-json\/wp\/v2\/product_brand?post=3066"},{"taxonomy":"product_cat","embeddable":true,"href":"https:\/\/www.vieternum.com\/en\/wp-json\/wp\/v2\/product_cat?post=3066"},{"taxonomy":"product_tag","embeddable":true,"href":"https:\/\/www.vieternum.com\/en\/wp-json\/wp\/v2\/product_tag?post=3066"}],"curies":[{"name":"wp","href":"https:\/\/api.w.org\/{rel}","templated":true}]}}