{"id":2748,"date":"2025-09-23T23:33:19","date_gmt":"2025-09-23T21:33:19","guid":{"rendered":"https:\/\/www.vieternum.com\/?post_type=product&#038;p=2748"},"modified":"2026-01-27T02:23:18","modified_gmt":"2026-01-27T00:23:18","slug":"vieternum-esencia-duo","status":"publish","type":"product","link":"https:\/\/www.vieternum.com\/ca\/producto\/vieternum-esencia-duo\/","title":{"rendered":"Vieternum Esencia Duo"},"content":{"rendered":"<p>Nuestro pack Vieternum Esencia Duo incluye dos botellas de la gama Esencia:<\/p>\n<ul>\n<li>Mediterranea (vino blanco Xarel\u00b7lo y Macabeu)<\/li>\n<li>Montserrat (vino tinto Tempranillo y Merlot)<\/li>\n<li>Bubbles Classic (Xarel\u00b7lo, Parellada y Macabeu)<\/li>\n<li>Bubbles Ros\u00e9 (Pinot Noir)<\/li>\n<li>Viinos Zer0.0. (Verdejo, Tempranillo y Bubbles)<\/li>\n<\/ul>\n<p>Selecciona las dos que prefieras y las personalizaremos para ti. Adem\u00e1s, de forma opcional, puedes a\u00f1adir nuestro sacacorchos y otros obsequios, tambi\u00e9n personalizables con tu mensaje, para incluirlos en el pack.<\/p>\n<p>Por \u00faltimo, ha llegado el momento de dar alma a tu Vieternum: te toca personalizarlo. Ahora puedes subir tu foto desde tu ordenador o m\u00f3vil, o envi\u00e1rnosla por WhatsApp (671 296 576) o a <a class=\"decorated-link cursor-pointer\" rel=\"noopener\" data-start=\"215\" data-end=\"236\">pedidos@vieternum.com<\/a><\/p>\n<p>&nbsp;<\/p>\n","protected":false},"excerpt":{"rendered":"<p>Nuestro pack Vieternum Esencia Duo incluye dos botellas de la gama Esencia (vino, espumoso o Zer0.0). Selecciona las dos que prefieras y las personalizaremos para ti. Adem\u00e1s, de forma opcional, puedes a\u00f1adir nuestro sacacorchos y otros obsequios, tambi\u00e9n personalizables con tu mensaje, para incluirlos en el pack.<\/p>\n<p>Es el momento de elegir los vinos y facilitarnos la foto a personalizar. Si tienes cualquier duda, cont\u00e1ctanos por WhatsApp 671 296 576.<\/p>\n","protected":false},"featured_media":3112,"template":"","meta":[],"product_brand":[],"product_cat":[38],"product_tag":[],"class_list":{"0":"post-2748","1":"product","2":"type-product","3":"status-publish","4":"has-post-thumbnail","6":"product_cat-packs","8":"first","9":"instock","10":"sale","11":"taxable","12":"shipping-taxable","13":"purchasable","14":"product-type-variable","15":"has-default-attributes"},"_links":{"self":[{"href":"https:\/\/www.vieternum.com\/ca\/wp-json\/wp\/v2\/product\/2748","targetHints":{"allow":["GET"]}}],"collection":[{"href":"https:\/\/www.vieternum.com\/ca\/wp-json\/wp\/v2\/product"}],"about":[{"href":"https:\/\/www.vieternum.com\/ca\/wp-json\/wp\/v2\/types\/product"}],"wp:featuredmedia":[{"embeddable":true,"href":"https:\/\/www.vieternum.com\/ca\/wp-json\/wp\/v2\/media\/3112"}],"wp:attachment":[{"href":"https:\/\/www.vieternum.com\/ca\/wp-json\/wp\/v2\/media?parent=2748"}],"wp:term":[{"taxonomy":"product_brand","embeddable":true,"href":"https:\/\/www.vieternum.com\/ca\/wp-json\/wp\/v2\/product_brand?post=2748"},{"taxonomy":"product_cat","embeddable":true,"href":"https:\/\/www.vieternum.com\/ca\/wp-json\/wp\/v2\/product_cat?post=2748"},{"taxonomy":"product_tag","embeddable":true,"href":"https:\/\/www.vieternum.com\/ca\/wp-json\/wp\/v2\/product_tag?post=2748"}],"curies":[{"name":"wp","href":"https:\/\/api.w.org\/{rel}","templated":true}]}}